{"id":15,"date":"2021-09-24T13:41:25","date_gmt":"2021-09-24T11:41:25","guid":{"rendered":"http:\/\/monmed.sk\/?page_id=15"},"modified":"2021-10-23T11:57:51","modified_gmt":"2021-10-23T09:57:51","slug":"kurzy","status":"publish","type":"page","link":"https:\/\/www.monmed.sk\/?page_id=15","title":{"rendered":"Kurzy"},"content":{"rendered":"\t\t<div data-elementor-type=\"wp-page\" data-elementor-id=\"15\" class=\"elementor elementor-15\">\n\t\t\t\t\t\t\t\t\t<section class=\"elementor-section elementor-top-section elementor-element elementor-element-b95c442 elementor-section-full_width elementor-section-height-default elementor-section-height-default\" data-id=\"b95c442\" data-element_type=\"section\" data-settings=\"{&quot;background_background&quot;:&quot;classic&quot;}\">\n\t\t\t\t\t\t<div class=\"elementor-container elementor-column-gap-default\">\n\t\t\t\t\t<div class=\"elementor-column elementor-col-50 elementor-top-column elementor-element elementor-element-4f5faaa\" data-id=\"4f5faaa\" data-element_type=\"column\">\n\t\t\t<div class=\"elementor-widget-wrap elementor-element-populated\">\n\t\t\t\t\t\t\t\t<div class=\"elementor-element elementor-element-423d5c2 elementor-widget elementor-widget-spacer\" data-id=\"423d5c2\" data-element_type=\"widget\" data-widget_type=\"spacer.default\">\n\t\t\t\t<div class=\"elementor-widget-container\">\n\t\t\t<style>\/*! elementor - v3.6.5 - 27-04-2022 *\/\n.e-container.e-container--row .elementor-spacer-inner{width:var(--spacer-size)}.e-container.e-container--column .elementor-spacer-inner,.elementor-column .elementor-spacer-inner{height:var(--spacer-size)}<\/style>\t\t<div class=\"elementor-spacer\">\n\t\t\t<div class=\"elementor-spacer-inner\"><\/div>\n\t\t<\/div>\n\t\t\t\t<\/div>\n\t\t\t\t<\/div>\n\t\t\t\t<div class=\"elementor-element elementor-element-ffae991 elementor-widget elementor-widget-heading\" data-id=\"ffae991\" data-element_type=\"widget\" data-widget_type=\"heading.default\">\n\t\t\t\t<div class=\"elementor-widget-container\">\n\t\t\t<style>\/*! elementor - v3.6.5 - 27-04-2022 *\/\n.elementor-heading-title{padding:0;margin:0;line-height:1}.elementor-widget-heading .elementor-heading-title[class*=elementor-size-]>a{color:inherit;font-size:inherit;line-height:inherit}.elementor-widget-heading .elementor-heading-title.elementor-size-small{font-size:15px}.elementor-widget-heading .elementor-heading-title.elementor-size-medium{font-size:19px}.elementor-widget-heading .elementor-heading-title.elementor-size-large{font-size:29px}.elementor-widget-heading .elementor-heading-title.elementor-size-xl{font-size:39px}.elementor-widget-heading .elementor-heading-title.elementor-size-xxl{font-size:59px}<\/style><h3 class=\"elementor-heading-title elementor-size-default\">Kurzy One Brain<\/h3>\t\t<\/div>\n\t\t\t\t<\/div>\n\t\t\t\t\t<\/div>\n\t\t<\/div>\n\t\t\t\t<div class=\"elementor-column elementor-col-50 elementor-top-column elementor-element elementor-element-9d907b5\" data-id=\"9d907b5\" data-element_type=\"column\">\n\t\t\t<div class=\"elementor-widget-wrap elementor-element-populated\">\n\t\t\t\t\t\t\t\t<div class=\"elementor-element elementor-element-b21e11c elementor-widget elementor-widget-image\" data-id=\"b21e11c\" data-element_type=\"widget\" data-widget_type=\"image.default\">\n\t\t\t\t<div class=\"elementor-widget-container\">\n\t\t\t<style>\/*! elementor - v3.6.5 - 27-04-2022 *\/\n.elementor-widget-image{text-align:center}.elementor-widget-image a{display:inline-block}.elementor-widget-image a img[src$=\".svg\"]{width:48px}.elementor-widget-image img{vertical-align:middle;display:inline-block}<\/style>\t\t\t\t\t\t\t\t\t\t\t\t<img decoding=\"async\" width=\"612\" height=\"265\" src=\"https:\/\/www.monmed.sk\/wp-content\/uploads\/2021\/09\/istockphoto-1162786825-612x612-1.jpg\" class=\"attachment-medium_large size-medium_large\" alt=\"\" loading=\"lazy\" srcset=\"https:\/\/www.monmed.sk\/wp-content\/uploads\/2021\/09\/istockphoto-1162786825-612x612-1.jpg 612w, https:\/\/www.monmed.sk\/wp-content\/uploads\/2021\/09\/istockphoto-1162786825-612x612-1-300x130.jpg 300w, https:\/\/www.monmed.sk\/wp-content\/uploads\/2021\/09\/istockphoto-1162786825-612x612-1-139x60.jpg 139w\" sizes=\"(max-width: 612px) 100vw, 612px\" \/>\t\t\t\t\t\t\t\t\t\t\t\t\t\t\t<\/div>\n\t\t\t\t<\/div>\n\t\t\t\t\t<\/div>\n\t\t<\/div>\n\t\t\t\t\t\t\t<\/div>\n\t\t<\/section>\n\t\t\t\t<section class=\"elementor-section elementor-top-section elementor-element elementor-element-45b80b9 elementor-section-full_width elementor-section-height-default elementor-section-height-default\" data-id=\"45b80b9\" data-element_type=\"section\" data-settings=\"{&quot;background_background&quot;:&quot;classic&quot;}\">\n\t\t\t\t\t\t<div class=\"elementor-container elementor-column-gap-default\">\n\t\t\t\t\t<div class=\"elementor-column elementor-col-100 elementor-top-column elementor-element elementor-element-1da9507\" data-id=\"1da9507\" data-element_type=\"column\">\n\t\t\t<div class=\"elementor-widget-wrap elementor-element-populated\">\n\t\t\t\t\t\t\t\t<div class=\"elementor-element elementor-element-e06c7ab elementor-widget elementor-widget-spacer\" data-id=\"e06c7ab\" data-element_type=\"widget\" data-widget_type=\"spacer.default\">\n\t\t\t\t<div class=\"elementor-widget-container\">\n\t\t\t\t\t<div class=\"elementor-spacer\">\n\t\t\t<div class=\"elementor-spacer-inner\"><\/div>\n\t\t<\/div>\n\t\t\t\t<\/div>\n\t\t\t\t<\/div>\n\t\t\t\t\t<\/div>\n\t\t<\/div>\n\t\t\t\t\t\t\t<\/div>\n\t\t<\/section>\n\t\t\t\t<section class=\"elementor-section elementor-top-section elementor-element elementor-element-8663c96 elementor-section-boxed elementor-section-height-default elementor-section-height-default\" data-id=\"8663c96\" data-element_type=\"section\">\n\t\t\t\t\t\t<div class=\"elementor-container elementor-column-gap-default\">\n\t\t\t\t\t<div class=\"elementor-column elementor-col-100 elementor-top-column elementor-element elementor-element-0becd21\" data-id=\"0becd21\" data-element_type=\"column\">\n\t\t\t<div class=\"elementor-widget-wrap elementor-element-populated\">\n\t\t\t\t\t\t\t\t<div class=\"elementor-element elementor-element-3ad0e8e elementor-widget elementor-widget-spacer\" data-id=\"3ad0e8e\" data-element_type=\"widget\" data-widget_type=\"spacer.default\">\n\t\t\t\t<div class=\"elementor-widget-container\">\n\t\t\t\t\t<div class=\"elementor-spacer\">\n\t\t\t<div class=\"elementor-spacer-inner\"><\/div>\n\t\t<\/div>\n\t\t\t\t<\/div>\n\t\t\t\t<\/div>\n\t\t\t\t\t<\/div>\n\t\t<\/div>\n\t\t\t\t\t\t\t<\/div>\n\t\t<\/section>\n\t\t\t\t<section class=\"elementor-section elementor-top-section elementor-element elementor-element-d935fce elementor-section-boxed elementor-section-height-default elementor-section-height-default\" data-id=\"d935fce\" data-element_type=\"section\">\n\t\t\t\t\t\t<div class=\"elementor-container elementor-column-gap-default\">\n\t\t\t\t\t<div class=\"elementor-column elementor-col-100 elementor-top-column elementor-element elementor-element-ef2c68c\" data-id=\"ef2c68c\" data-element_type=\"column\">\n\t\t\t<div class=\"elementor-widget-wrap elementor-element-populated\">\n\t\t\t\t\t\t\t\t<div class=\"elementor-element elementor-element-882bba5 elementor-widget elementor-widget-heading\" data-id=\"882bba5\" data-element_type=\"widget\" data-widget_type=\"heading.default\">\n\t\t\t\t<div class=\"elementor-widget-container\">\n\t\t\t<h4 class=\"elementor-heading-title elementor-size-default\">Moment\u00e1lne nie je otvoren\u00fd ani jeden napl\u00e1novan\u00fd kurz.<\/h4>\t\t<\/div>\n\t\t\t\t<\/div>\n\t\t\t\t\t<\/div>\n\t\t<\/div>\n\t\t\t\t\t\t\t<\/div>\n\t\t<\/section>\n\t\t\t\t<section class=\"elementor-section elementor-top-section elementor-element elementor-element-37c00dc elementor-section-boxed elementor-section-height-default elementor-section-height-default\" data-id=\"37c00dc\" data-element_type=\"section\">\n\t\t\t\t\t\t<div class=\"elementor-container elementor-column-gap-default\">\n\t\t\t\t\t<div class=\"elementor-column elementor-col-100 elementor-top-column elementor-element elementor-element-92394df\" data-id=\"92394df\" data-element_type=\"column\">\n\t\t\t<div class=\"elementor-widget-wrap elementor-element-populated\">\n\t\t\t\t\t\t\t\t<div class=\"elementor-element elementor-element-4135088 elementor-widget elementor-widget-spacer\" data-id=\"4135088\" data-element_type=\"widget\" data-widget_type=\"spacer.default\">\n\t\t\t\t<div class=\"elementor-widget-container\">\n\t\t\t\t\t<div class=\"elementor-spacer\">\n\t\t\t<div class=\"elementor-spacer-inner\"><\/div>\n\t\t<\/div>\n\t\t\t\t<\/div>\n\t\t\t\t<\/div>\n\t\t\t\t\t<\/div>\n\t\t<\/div>\n\t\t\t\t\t\t\t<\/div>\n\t\t<\/section>\n\t\t\t\t<section class=\"elementor-section elementor-top-section elementor-element elementor-element-5d06f50 elementor-section-boxed elementor-section-height-default elementor-section-height-default\" data-id=\"5d06f50\" data-element_type=\"section\">\n\t\t\t\t\t\t<div class=\"elementor-container elementor-column-gap-default\">\n\t\t\t\t\t<div class=\"elementor-column elementor-col-50 elementor-top-column elementor-element elementor-element-c72f0aa\" data-id=\"c72f0aa\" data-element_type=\"column\">\n\t\t\t<div class=\"elementor-widget-wrap elementor-element-populated\">\n\t\t\t\t\t\t\t\t<div class=\"elementor-element elementor-element-a85c251 elementor-widget elementor-widget-text-editor\" data-id=\"a85c251\" data-element_type=\"widget\" data-widget_type=\"text-editor.default\">\n\t\t\t\t<div class=\"elementor-widget-container\">\n\t\t\t<style>\/*! elementor - v3.6.5 - 27-04-2022 *\/\n.elementor-widget-text-editor.elementor-drop-cap-view-stacked .elementor-drop-cap{background-color:#818a91;color:#fff}.elementor-widget-text-editor.elementor-drop-cap-view-framed .elementor-drop-cap{color:#818a91;border:3px solid;background-color:transparent}.elementor-widget-text-editor:not(.elementor-drop-cap-view-default) .elementor-drop-cap{margin-top:8px}.elementor-widget-text-editor:not(.elementor-drop-cap-view-default) .elementor-drop-cap-letter{width:1em;height:1em}.elementor-widget-text-editor .elementor-drop-cap{float:left;text-align:center;line-height:1;font-size:50px}.elementor-widget-text-editor .elementor-drop-cap-letter{display:inline-block}<\/style>\t\t\t\t<h6>Pre viac inform\u00e1ci\u00ed oh\u013eadom pl\u00e1novan\u00fdch kurzov ma kontaktujte:<\/h6>\t\t\t\t\t\t<\/div>\n\t\t\t\t<\/div>\n\t\t\t\t\t<\/div>\n\t\t<\/div>\n\t\t\t\t<div class=\"elementor-column elementor-col-50 elementor-top-column elementor-element elementor-element-6635b35\" data-id=\"6635b35\" data-element_type=\"column\">\n\t\t\t<div class=\"elementor-widget-wrap elementor-element-populated\">\n\t\t\t\t\t\t\t\t<div class=\"elementor-element elementor-element-916dcfb elementor-align-center elementor-widget elementor-widget-button\" data-id=\"916dcfb\" data-element_type=\"widget\" data-widget_type=\"button.default\">\n\t\t\t\t<div class=\"elementor-widget-container\">\n\t\t\t\t\t<div class=\"elementor-button-wrapper\">\n\t\t\t<a href=\"http:\/\/monmed.sk\/?page_id=17\" class=\"elementor-button-link elementor-button elementor-size-sm\" role=\"button\">\n\t\t\t\t\t\t<span class=\"elementor-button-content-wrapper\">\n\t\t\t\t\t\t<span class=\"elementor-button-text\">Kontakt<\/span>\n\t\t<\/span>\n\t\t\t\t\t<\/a>\n\t\t<\/div>\n\t\t\t\t<\/div>\n\t\t\t\t<\/div>\n\t\t\t\t\t<\/div>\n\t\t<\/div>\n\t\t\t\t\t\t\t<\/div>\n\t\t<\/section>\n\t\t\t\t<section class=\"elementor-section elementor-top-section elementor-element elementor-element-33a9106 elementor-section-boxed elementor-section-height-default elementor-section-height-default\" data-id=\"33a9106\" data-element_type=\"section\">\n\t\t\t\t\t\t<div class=\"elementor-container elementor-column-gap-default\">\n\t\t\t\t\t<div class=\"elementor-column elementor-col-100 elementor-top-column elementor-element elementor-element-582d465\" data-id=\"582d465\" data-element_type=\"column\">\n\t\t\t<div class=\"elementor-widget-wrap elementor-element-populated\">\n\t\t\t\t\t\t\t\t<div class=\"elementor-element elementor-element-5f8a13f elementor-widget elementor-widget-spacer\" data-id=\"5f8a13f\" data-element_type=\"widget\" data-widget_type=\"spacer.default\">\n\t\t\t\t<div class=\"elementor-widget-container\">\n\t\t\t\t\t<div class=\"elementor-spacer\">\n\t\t\t<div class=\"elementor-spacer-inner\"><\/div>\n\t\t<\/div>\n\t\t\t\t<\/div>\n\t\t\t\t<\/div>\n\t\t\t\t\t<\/div>\n\t\t<\/div>\n\t\t\t\t\t\t\t<\/div>\n\t\t<\/section>\n\t\t\t\t\t\t\t<\/div>\n\t\t","protected":false},"excerpt":{"rendered":"<p>Kurzy One Brain Moment\u00e1lne nie je otvoren\u00fd ani jeden napl\u00e1novan\u00fd kurz. Pre viac inform\u00e1ci\u00ed oh\u013eadom pl\u00e1novan\u00fdch kurzov ma kontaktujte: Kontakt<\/p>\n","protected":false},"author":1,"featured_media":0,"parent":0,"menu_order":0,"comment_status":"closed","ping_status":"closed","template":"elementor_header_footer","meta":{"_monsterinsights_skip_tracking":false,"_monsterinsights_sitenote_active":false,"_monsterinsights_sitenote_note":"","_monsterinsights_sitenote_category":0},"yoast_head":"<!-- This site is optimized with the Yoast SEO plugin v17.2 - https:\/\/yoast.com\/wordpress\/plugins\/seo\/ -->\n<title>Kurzy -<\/title>\n<meta name=\"robots\" content=\"index, follow, max-snippet:-1, max-image-preview:large, max-video-preview:-1\" \/>\n<link rel=\"canonical\" href=\"https:\/\/www.monmed.sk\/?page_id=15\" \/>\n<meta property=\"og:locale\" content=\"sk_SK\" \/>\n<meta property=\"og:type\" content=\"article\" \/>\n<meta property=\"og:title\" content=\"Kurzy -\" \/>\n<meta property=\"og:description\" content=\"Kurzy One Brain Moment\u00e1lne nie je otvoren\u00fd ani jeden napl\u00e1novan\u00fd kurz. Pre viac inform\u00e1ci\u00ed oh\u013eadom pl\u00e1novan\u00fdch kurzov ma kontaktujte: Kontakt\" \/>\n<meta property=\"og:url\" content=\"https:\/\/www.monmed.sk\/?page_id=15\" \/>\n<meta property=\"article:modified_time\" content=\"2021-10-23T09:57:51+00:00\" \/>\n<meta property=\"og:image\" content=\"https:\/\/www.monmed.sk\/wp-content\/uploads\/2021\/09\/istockphoto-1162786825-612x612-1.jpg\" \/>\n<meta name=\"twitter:card\" content=\"summary_large_image\" \/>\n<meta name=\"twitter:label1\" content=\"Predpokladan\u00fd \u010das \u010d\u00edtania\" \/>\n\t<meta name=\"twitter:data1\" content=\"1 min\u00fata\" \/>\n<script type=\"application\/ld+json\" class=\"yoast-schema-graph\">{\"@context\":\"https:\/\/schema.org\",\"@graph\":[{\"@type\":\"WebSite\",\"@id\":\"https:\/\/www.monmed.sk\/#website\",\"url\":\"https:\/\/www.monmed.sk\/\",\"name\":\"\",\"description\":\"\",\"potentialAction\":[{\"@type\":\"SearchAction\",\"target\":{\"@type\":\"EntryPoint\",\"urlTemplate\":\"https:\/\/www.monmed.sk\/?s={search_term_string}\"},\"query-input\":\"required name=search_term_string\"}],\"inLanguage\":\"sk-SK\"},{\"@type\":\"ImageObject\",\"@id\":\"https:\/\/www.monmed.sk\/?page_id=15#primaryimage\",\"inLanguage\":\"sk-SK\",\"url\":\"https:\/\/www.monmed.sk\/wp-content\/uploads\/2021\/09\/istockphoto-1162786825-612x612-1.jpg\",\"contentUrl\":\"https:\/\/www.monmed.sk\/wp-content\/uploads\/2021\/09\/istockphoto-1162786825-612x612-1.jpg\",\"width\":612,\"height\":265,\"caption\":\"Woman on a swing with blue sky in the back light\"},{\"@type\":\"WebPage\",\"@id\":\"https:\/\/www.monmed.sk\/?page_id=15#webpage\",\"url\":\"https:\/\/www.monmed.sk\/?page_id=15\",\"name\":\"Kurzy -\",\"isPartOf\":{\"@id\":\"https:\/\/www.monmed.sk\/#website\"},\"primaryImageOfPage\":{\"@id\":\"https:\/\/www.monmed.sk\/?page_id=15#primaryimage\"},\"datePublished\":\"2021-09-24T11:41:25+00:00\",\"dateModified\":\"2021-10-23T09:57:51+00:00\",\"breadcrumb\":{\"@id\":\"https:\/\/www.monmed.sk\/?page_id=15#breadcrumb\"},\"inLanguage\":\"sk-SK\",\"potentialAction\":[{\"@type\":\"ReadAction\",\"target\":[\"https:\/\/www.monmed.sk\/?page_id=15\"]}]},{\"@type\":\"BreadcrumbList\",\"@id\":\"https:\/\/www.monmed.sk\/?page_id=15#breadcrumb\",\"itemListElement\":[{\"@type\":\"ListItem\",\"position\":1,\"name\":\"Home\",\"item\":\"https:\/\/www.monmed.sk\/\"},{\"@type\":\"ListItem\",\"position\":2,\"name\":\"Kurzy\"}]}]}<\/script>\n<!-- \/ Yoast SEO plugin. -->","yoast_head_json":{"title":"Kurzy -","robots":{"index":"index","follow":"follow","max-snippet":"max-snippet:-1","max-image-preview":"max-image-preview:large","max-video-preview":"max-video-preview:-1"},"canonical":"https:\/\/www.monmed.sk\/?page_id=15","og_locale":"sk_SK","og_type":"article","og_title":"Kurzy -","og_description":"Kurzy One Brain Moment\u00e1lne nie je otvoren\u00fd ani jeden napl\u00e1novan\u00fd kurz. Pre viac inform\u00e1ci\u00ed oh\u013eadom pl\u00e1novan\u00fdch kurzov ma kontaktujte: Kontakt","og_url":"https:\/\/www.monmed.sk\/?page_id=15","article_modified_time":"2021-10-23T09:57:51+00:00","og_image":[{"url":"https:\/\/www.monmed.sk\/wp-content\/uploads\/2021\/09\/istockphoto-1162786825-612x612-1.jpg"}],"twitter_card":"summary_large_image","twitter_misc":{"Predpokladan\u00fd \u010das \u010d\u00edtania":"1 min\u00fata"},"schema":{"@context":"https:\/\/schema.org","@graph":[{"@type":"WebSite","@id":"https:\/\/www.monmed.sk\/#website","url":"https:\/\/www.monmed.sk\/","name":"","description":"","potentialAction":[{"@type":"SearchAction","target":{"@type":"EntryPoint","urlTemplate":"https:\/\/www.monmed.sk\/?s={search_term_string}"},"query-input":"required name=search_term_string"}],"inLanguage":"sk-SK"},{"@type":"ImageObject","@id":"https:\/\/www.monmed.sk\/?page_id=15#primaryimage","inLanguage":"sk-SK","url":"https:\/\/www.monmed.sk\/wp-content\/uploads\/2021\/09\/istockphoto-1162786825-612x612-1.jpg","contentUrl":"https:\/\/www.monmed.sk\/wp-content\/uploads\/2021\/09\/istockphoto-1162786825-612x612-1.jpg","width":612,"height":265,"caption":"Woman on a swing with blue sky in the back light"},{"@type":"WebPage","@id":"https:\/\/www.monmed.sk\/?page_id=15#webpage","url":"https:\/\/www.monmed.sk\/?page_id=15","name":"Kurzy -","isPartOf":{"@id":"https:\/\/www.monmed.sk\/#website"},"primaryImageOfPage":{"@id":"https:\/\/www.monmed.sk\/?page_id=15#primaryimage"},"datePublished":"2021-09-24T11:41:25+00:00","dateModified":"2021-10-23T09:57:51+00:00","breadcrumb":{"@id":"https:\/\/www.monmed.sk\/?page_id=15#breadcrumb"},"inLanguage":"sk-SK","potentialAction":[{"@type":"ReadAction","target":["https:\/\/www.monmed.sk\/?page_id=15"]}]},{"@type":"BreadcrumbList","@id":"https:\/\/www.monmed.sk\/?page_id=15#breadcrumb","itemListElement":[{"@type":"ListItem","position":1,"name":"Home","item":"https:\/\/www.monmed.sk\/"},{"@type":"ListItem","position":2,"name":"Kurzy"}]}]}},"_links":{"self":[{"href":"https:\/\/www.monmed.sk\/index.php?rest_route=\/wp\/v2\/pages\/15"}],"collection":[{"href":"https:\/\/www.monmed.sk\/index.php?rest_route=\/wp\/v2\/pages"}],"about":[{"href":"https:\/\/www.monmed.sk\/index.php?rest_route=\/wp\/v2\/types\/page"}],"author":[{"embeddable":true,"href":"https:\/\/www.monmed.sk\/index.php?rest_route=\/wp\/v2\/users\/1"}],"replies":[{"embeddable":true,"href":"https:\/\/www.monmed.sk\/index.php?rest_route=%2Fwp%2Fv2%2Fcomments&post=15"}],"version-history":[{"count":6,"href":"https:\/\/www.monmed.sk\/index.php?rest_route=\/wp\/v2\/pages\/15\/revisions"}],"predecessor-version":[{"id":381,"href":"https:\/\/www.monmed.sk\/index.php?rest_route=\/wp\/v2\/pages\/15\/revisions\/381"}],"wp:attachment":[{"href":"https:\/\/www.monmed.sk\/index.php?rest_route=%2Fwp%2Fv2%2Fmedia&parent=15"}],"curies":[{"name":"wp","href":"https:\/\/api.w.org\/{rel}","templated":true}]}}